{"id":3,"date":"2025-06-10T09:03:25","date_gmt":"2025-06-10T09:03:25","guid":{"rendered":"https:\/\/www.connishiva.com\/?page_id=3"},"modified":"2025-06-25T14:11:19","modified_gmt":"2025-06-25T14:11:19","slug":"legal-notice","status":"publish","type":"page","link":"https:\/\/www.connishiva.com\/english\/mentions-legales\/","title":{"rendered":"Legal notices"},"content":{"rendered":"<div data-elementor-type=\"wp-page\" data-elementor-id=\"3\" class=\"elementor elementor-3\" data-elementor-post-type=\"page\">\n\t\t\t\t<div class=\"elementor-element elementor-element-eecd8b4 e-flex e-con-boxed e-con e-parent\" data-id=\"eecd8b4\" data-element_type=\"container\" data-e-type=\"container\">\n\t\t\t\t\t<div class=\"e-con-inner\">\n\t\t\t\t<div class=\"elementor-element elementor-element-4fe2e13 elementor-widget elementor-widget-text-editor\" data-id=\"4fe2e13\" data-element_type=\"widget\" data-e-type=\"widget\" data-widget_type=\"text-editor.default\">\n\t\t\t\t<div class=\"elementor-widget-container\">\n\t\t\t\t\t\t\t\t\t<h1>Legal notices<\/h1><p>In accordance with the provisions of Articles 6-III and 19 of Law No. 2004-575 of 21 June 2004 on confidence in the digital economy (LCEN), we hereby inform users of the Internet site <a href=\"https:\/\/www.connishiva.com\">www.connishiva.com<\/a> the identity of the various parties involved in its implementation and monitoring:<\/p><p><strong>Owner<\/strong> Cornelia Buttmann-Scholl, self-employed entrepreneur <br \/><strong>SIRET<\/strong> : 42429215900060 <br \/><strong>VAT NUMBER<\/strong> FR 0G424292159 <br \/><strong>Head officea<\/strong>l: 33130 B\u00e8gles, France <br \/><strong>Contact<\/strong> contact @ connishiva.com<\/p><p><strong>Person responsible for the publication<\/strong> Cornelia Buttmann-Scholl - contact @ connishiva.com <br \/><strong>Webmaster<\/strong> Cornelia Buttmann-Scholl - contact @ connishiva.com <br \/><strong>Host<\/strong> o2switch - 222 Boulevard Gustave Flaubert, 63000 Clermont-Ferrand - Tel: +33 (0)4 44 44 60 40 <br \/><strong>Data Protection Officer (DPO)<\/strong> Cornelia Buttmann-Scholl - contact @ connishiva.com<\/p>\t\t\t\t\t\t\t\t<\/div>\n\t\t\t\t<\/div>\n\t\t\t\t\t<\/div>\n\t\t\t\t<\/div>\n\t\t\t\t<\/div>","protected":false},"excerpt":{"rendered":"<p>Mentions l\u00e9gales Conform\u00e9ment aux dispositions des articles 6-III et 19 de la Loi n\u00b02004-575 du 21 juin 2004 pour la [&hellip;]<\/p>\n","protected":false},"author":1,"featured_media":0,"parent":0,"menu_order":0,"comment_status":"closed","ping_status":"open","template":"elementor_header_footer","meta":{"site-sidebar-layout":"default","site-content-layout":"","ast-site-content-layout":"default","site-content-style":"default","site-sidebar-style":"default","ast-global-header-display":"","ast-banner-title-visibility":"","ast-main-header-display":"","ast-hfb-above-header-display":"","ast-hfb-below-header-display":"","ast-hfb-mobile-header-display":"","site-post-title":"","ast-breadcrumbs-content":"","ast-featured-img":"","footer-sml-layout":"","ast-disable-related-posts":"","theme-transparent-header-meta":"","adv-header-id-meta":"","stick-header-meta":"","header-above-stick-meta":"","header-main-stick-meta":"","header-below-stick-meta":"","astra-migrate-meta-layouts":"default","ast-page-background-enabled":"default","ast-page-background-meta":{"desktop":{"background-color":"var(--ast-global-color-5)","background-image":"","background-repeat":"repeat","background-position":"center center","background-size":"auto","background-attachment":"scroll","background-type":"","background-media":"","overlay-type":"","overlay-color":"","overlay-opacity":"","overlay-gradient":""},"tablet":{"background-color":"","background-image":"","background-repeat":"repeat","background-position":"center center","background-size":"auto","background-attachment":"scroll","background-type":"","background-media":"","overlay-type":"","overlay-color":"","overlay-opacity":"","overlay-gradient":""},"mobile":{"background-color":"","background-image":"","background-repeat":"repeat","background-position":"center center","background-size":"auto","background-attachment":"scroll","background-type":"","background-media":"","overlay-type":"","overlay-color":"","overlay-opacity":"","overlay-gradient":""}},"ast-content-background-meta":{"desktop":{"background-color":"var(--ast-global-color-4)","background-image":"","background-repeat":"repeat","background-position":"center center","background-size":"auto","background-attachment":"scroll","background-type":"","background-media":"","overlay-type":"","overlay-color":"","overlay-opacity":"","overlay-gradient":""},"tablet":{"background-color":"var(--ast-global-color-4)","background-image":"","background-repeat":"repeat","background-position":"center center","background-size":"auto","background-attachment":"scroll","background-type":"","background-media":"","overlay-type":"","overlay-color":"","overlay-opacity":"","overlay-gradient":""},"mobile":{"background-color":"var(--ast-global-color-4)","background-image":"","background-repeat":"repeat","background-position":"center center","background-size":"auto","background-attachment":"scroll","background-type":"","background-media":"","overlay-type":"","overlay-color":"","overlay-opacity":"","overlay-gradient":""}},"footnotes":""},"class_list":["post-3","page","type-page","status-publish","hentry"],"yoast_head":"<!-- This site is optimized with the Yoast SEO plugin v27.5 - https:\/\/yoast.com\/product\/yoast-seo-wordpress\/ -->\n<title>Mentions l\u00e9gales | Connishiva<\/title>\n<meta name=\"robots\" content=\"noindex, nofollow\" \/>\n<meta property=\"og:locale\" content=\"en_GB\" \/>\n<meta property=\"og:type\" content=\"article\" \/>\n<meta property=\"og:title\" content=\"Mentions l\u00e9gales | Connishiva\" \/>\n<meta property=\"og:description\" content=\"Mentions l\u00e9gales Conform\u00e9ment aux dispositions des articles 6-III et 19 de la Loi n\u00b02004-575 du 21 juin 2004 pour la [&hellip;]\" \/>\n<meta property=\"og:url\" content=\"https:\/\/www.connishiva.com\/english\/legal-notice\/\" \/>\n<meta property=\"og:site_name\" content=\"Connishiva\" \/>\n<meta property=\"article:modified_time\" content=\"2025-06-25T14:11:19+00:00\" \/>\n<meta property=\"og:image\" content=\"https:\/\/www.connishiva.com\/wp-content\/uploads\/2025\/06\/logo-ko-e1749560471911.webp\" \/>\n\t<meta property=\"og:image:width\" content=\"512\" \/>\n\t<meta property=\"og:image:height\" content=\"512\" \/>\n\t<meta property=\"og:image:type\" content=\"image\/webp\" \/>\n<meta name=\"twitter:card\" content=\"summary_large_image\" \/>\n<meta name=\"twitter:label1\" content=\"Estimated reading time\" \/>\n\t<meta name=\"twitter:data1\" content=\"1 minute\" \/>\n<script type=\"application\/ld+json\" class=\"yoast-schema-graph\">{\"@context\":\"https:\\\/\\\/schema.org\",\"@graph\":[{\"@type\":\"WebPage\",\"@id\":\"https:\\\/\\\/www.connishiva.com\\\/mentions-legales\\\/\",\"url\":\"https:\\\/\\\/www.connishiva.com\\\/mentions-legales\\\/\",\"name\":\"Mentions l\u00e9gales | Connishiva\",\"isPartOf\":{\"@id\":\"https:\\\/\\\/www.connishiva.com\\\/#website\"},\"datePublished\":\"2025-06-10T09:03:25+00:00\",\"dateModified\":\"2025-06-25T14:11:19+00:00\",\"breadcrumb\":{\"@id\":\"https:\\\/\\\/www.connishiva.com\\\/mentions-legales\\\/#breadcrumb\"},\"inLanguage\":\"en-GB\",\"potentialAction\":[{\"@type\":\"ReadAction\",\"target\":[\"https:\\\/\\\/www.connishiva.com\\\/mentions-legales\\\/\"]}]},{\"@type\":\"BreadcrumbList\",\"@id\":\"https:\\\/\\\/www.connishiva.com\\\/mentions-legales\\\/#breadcrumb\",\"itemListElement\":[{\"@type\":\"ListItem\",\"position\":1,\"name\":\"Accueil\",\"item\":\"https:\\\/\\\/www.connishiva.com\\\/\"},{\"@type\":\"ListItem\",\"position\":2,\"name\":\"Mentions l\u00e9gales\"}]},{\"@type\":\"WebSite\",\"@id\":\"https:\\\/\\\/www.connishiva.com\\\/#website\",\"url\":\"https:\\\/\\\/www.connishiva.com\\\/\",\"name\":\"Cornelia Buttmann-Scholl\",\"description\":\"Shibori et teinture naturelle\",\"publisher\":{\"@id\":\"https:\\\/\\\/www.connishiva.com\\\/#organization\"},\"alternateName\":\"Connishiva\",\"potentialAction\":[{\"@type\":\"SearchAction\",\"target\":{\"@type\":\"EntryPoint\",\"urlTemplate\":\"https:\\\/\\\/www.connishiva.com\\\/?s={search_term_string}\"},\"query-input\":{\"@type\":\"PropertyValueSpecification\",\"valueRequired\":true,\"valueName\":\"search_term_string\"}}],\"inLanguage\":\"en-GB\"},{\"@type\":\"Organization\",\"@id\":\"https:\\\/\\\/www.connishiva.com\\\/#organization\",\"name\":\"Connishiva\",\"url\":\"https:\\\/\\\/www.connishiva.com\\\/\",\"logo\":{\"@type\":\"ImageObject\",\"inLanguage\":\"en-GB\",\"@id\":\"https:\\\/\\\/www.connishiva.com\\\/#\\\/schema\\\/logo\\\/image\\\/\",\"url\":\"https:\\\/\\\/www.connishiva.com\\\/wp-content\\\/uploads\\\/2025\\\/06\\\/logo-ko-e1749560471911.png\",\"contentUrl\":\"https:\\\/\\\/www.connishiva.com\\\/wp-content\\\/uploads\\\/2025\\\/06\\\/logo-ko-e1749560471911.png\",\"width\":512,\"height\":512,\"caption\":\"Connishiva\"},\"image\":{\"@id\":\"https:\\\/\\\/www.connishiva.com\\\/#\\\/schema\\\/logo\\\/image\\\/\"},\"sameAs\":[\"https:\\\/\\\/www.instagram.com\\\/conni_shiva\\\/\"]}]}<\/script>\n<!-- \/ Yoast SEO plugin. -->","yoast_head_json":{"title":"Legal information | Connishiva","robots":{"index":"noindex","follow":"nofollow"},"og_locale":"en_GB","og_type":"article","og_title":"Mentions l\u00e9gales | Connishiva","og_description":"Mentions l\u00e9gales Conform\u00e9ment aux dispositions des articles 6-III et 19 de la Loi n\u00b02004-575 du 21 juin 2004 pour la [&hellip;]","og_url":"https:\/\/www.connishiva.com\/english\/legal-notice\/","og_site_name":"Connishiva","article_modified_time":"2025-06-25T14:11:19+00:00","og_image":[{"width":512,"height":512,"url":"https:\/\/www.connishiva.com\/wp-content\/uploads\/2025\/06\/logo-ko-e1749560471911.webp","type":"image\/webp"}],"twitter_card":"summary_large_image","twitter_misc":{"Estimated reading time":"1 minute"},"schema":{"@context":"https:\/\/schema.org","@graph":[{"@type":"WebPage","@id":"https:\/\/www.connishiva.com\/mentions-legales\/","url":"https:\/\/www.connishiva.com\/mentions-legales\/","name":"Legal information | Connishiva","isPartOf":{"@id":"https:\/\/www.connishiva.com\/#website"},"datePublished":"2025-06-10T09:03:25+00:00","dateModified":"2025-06-25T14:11:19+00:00","breadcrumb":{"@id":"https:\/\/www.connishiva.com\/mentions-legales\/#breadcrumb"},"inLanguage":"en-GB","potentialAction":[{"@type":"ReadAction","target":["https:\/\/www.connishiva.com\/mentions-legales\/"]}]},{"@type":"BreadcrumbList","@id":"https:\/\/www.connishiva.com\/mentions-legales\/#breadcrumb","itemListElement":[{"@type":"ListItem","position":1,"name":"Accueil","item":"https:\/\/www.connishiva.com\/"},{"@type":"ListItem","position":2,"name":"Mentions l\u00e9gales"}]},{"@type":"WebSite","@id":"https:\/\/www.connishiva.com\/#website","url":"https:\/\/www.connishiva.com\/","name":"Cornelia Buttmann-Scholl","description":"Shibori and natural dyeing","publisher":{"@id":"https:\/\/www.connishiva.com\/#organization"},"alternateName":"Connishiva","potentialAction":[{"@type":"SearchAction","target":{"@type":"EntryPoint","urlTemplate":"https:\/\/www.connishiva.com\/?s={search_term_string}"},"query-input":{"@type":"PropertyValueSpecification","valueRequired":true,"valueName":"search_term_string"}}],"inLanguage":"en-GB"},{"@type":"Organization","@id":"https:\/\/www.connishiva.com\/#organization","name":"Connishiva","url":"https:\/\/www.connishiva.com\/","logo":{"@type":"ImageObject","inLanguage":"en-GB","@id":"https:\/\/www.connishiva.com\/#\/schema\/logo\/image\/","url":"https:\/\/www.connishiva.com\/wp-content\/uploads\/2025\/06\/logo-ko-e1749560471911.png","contentUrl":"https:\/\/www.connishiva.com\/wp-content\/uploads\/2025\/06\/logo-ko-e1749560471911.png","width":512,"height":512,"caption":"Connishiva"},"image":{"@id":"https:\/\/www.connishiva.com\/#\/schema\/logo\/image\/"},"sameAs":["https:\/\/www.instagram.com\/conni_shiva\/"]}]}},"jetpack_sharing_enabled":true,"_links":{"self":[{"href":"https:\/\/www.connishiva.com\/english\/wp-json\/wp\/v2\/pages\/3","targetHints":{"allow":["GET"]}}],"collection":[{"href":"https:\/\/www.connishiva.com\/english\/wp-json\/wp\/v2\/pages"}],"about":[{"href":"https:\/\/www.connishiva.com\/english\/wp-json\/wp\/v2\/types\/page"}],"author":[{"embeddable":true,"href":"https:\/\/www.connishiva.com\/english\/wp-json\/wp\/v2\/users\/1"}],"replies":[{"embeddable":true,"href":"https:\/\/www.connishiva.com\/english\/wp-json\/wp\/v2\/comments?post=3"}],"version-history":[{"count":22,"href":"https:\/\/www.connishiva.com\/english\/wp-json\/wp\/v2\/pages\/3\/revisions"}],"predecessor-version":[{"id":596,"href":"https:\/\/www.connishiva.com\/english\/wp-json\/wp\/v2\/pages\/3\/revisions\/596"}],"wp:attachment":[{"href":"https:\/\/www.connishiva.com\/english\/wp-json\/wp\/v2\/media?parent=3"}],"curies":[{"name":"wp","href":"https:\/\/api.w.org\/{rel}","templated":true}]}}